{"id":1284,"date":"2018-08-17T10:19:32","date_gmt":"2018-08-17T08:19:32","guid":{"rendered":"https:\/\/www.tests-performance.fr\/?page_id=1284"},"modified":"2018-08-17T16:04:44","modified_gmt":"2018-08-17T14:04:44","slug":"rss-2","status":"publish","type":"page","link":"https:\/\/www.tests-performance.fr\/?page_id=1284","title":{"rendered":"Flux Rss"},"content":{"rendered":"<div id=\"pl-1284\"  class=\"panel-layout\" ><div id=\"pg-1284-0\"  class=\"panel-grid panel-no-style\" ><div id=\"pgc-1284-0-0\"  class=\"panel-grid-cell\" ><div id=\"panel-1284-0-0-0\" class=\"so-panel widget widget_black-studio-tinymce widget_black_studio_tinymce panel-first-child panel-last-child\" data-index=\"0\" ><div data-widget-overlay-color=\"#000000\" class=\"panel-widget-style panel-widget-style-for-1284-0-0-0\" ><div class=\"textwidget\"><h1>S\u2019abonner au flux RSS du Blog : Les tests de performance<\/h1>\n<hr \/>\n<p>Vous pouvez suivre les derniers articles du Blog <span style=\"color: #ff00ff;\"><em>Les tests de performance<\/em><\/span>, en ajoutant cette url dans votre site ou outil pr\u00e9f\u00e9r\u00e9 :<\/p>\n<p>http:\/\/feeds.feedburner.com\/LesTestsDePerformance<\/p>\n<p>Ou en cliquant ici : <a href=\"http:\/\/rss.tests-performance.fr\" target=\"_blank\" rel=\"noopener\">ICI<\/a><\/p>\n<p>&nbsp;<\/p>\n<\/div><\/div><\/div><\/div><\/div><\/div>","protected":false},"excerpt":{"rendered":"<p>S\u2019abonner au flux RSS du Blog : Les tests de performance Vous pouvez suivre les derniers articles du Blog Les tests de performance, en ajoutant cette url dans votre site ou outil pr\u00e9f\u00e9r\u00e9 : http:\/\/feeds.feedburner.com\/LesTestsDePerformance Ou en cliquant ici : ICI &nbsp;<\/p>\n","protected":false},"author":3,"featured_media":0,"parent":0,"menu_order":0,"comment_status":"closed","ping_status":"closed","template":"","meta":{"_monsterinsights_skip_tracking":false,"_monsterinsights_sitenote_active":false,"_monsterinsights_sitenote_note":"","_monsterinsights_sitenote_category":0,"footnotes":""},"class_list":["post-1284","page","type-page","status-publish","hentry"],"acf":[],"jetpack_sharing_enabled":true,"_links":{"self":[{"href":"https:\/\/www.tests-performance.fr\/index.php?rest_route=\/wp\/v2\/pages\/1284","targetHints":{"allow":["GET"]}}],"collection":[{"href":"https:\/\/www.tests-performance.fr\/index.php?rest_route=\/wp\/v2\/pages"}],"about":[{"href":"https:\/\/www.tests-performance.fr\/index.php?rest_route=\/wp\/v2\/types\/page"}],"author":[{"embeddable":true,"href":"https:\/\/www.tests-performance.fr\/index.php?rest_route=\/wp\/v2\/users\/3"}],"replies":[{"embeddable":true,"href":"https:\/\/www.tests-performance.fr\/index.php?rest_route=%2Fwp%2Fv2%2Fcomments&post=1284"}],"version-history":[{"count":11,"href":"https:\/\/www.tests-performance.fr\/index.php?rest_route=\/wp\/v2\/pages\/1284\/revisions"}],"predecessor-version":[{"id":1296,"href":"https:\/\/www.tests-performance.fr\/index.php?rest_route=\/wp\/v2\/pages\/1284\/revisions\/1296"}],"wp:attachment":[{"href":"https:\/\/www.tests-performance.fr\/index.php?rest_route=%2Fwp%2Fv2%2Fmedia&parent=1284"}],"curies":[{"name":"wp","href":"https:\/\/api.w.org\/{rel}","templated":true}]}}