{"id":1309,"date":"2018-08-17T16:05:41","date_gmt":"2018-08-17T14:05:41","guid":{"rendered":"https:\/\/www.tests-performance.fr\/?page_id=1309"},"modified":"2018-08-17T16:16:58","modified_gmt":"2018-08-17T14:16:58","slug":"liens","status":"publish","type":"page","link":"https:\/\/www.tests-performance.fr\/?page_id=1309","title":{"rendered":"Liens"},"content":{"rendered":"<div id=\"pl-1309\"  class=\"panel-layout\" ><div id=\"pg-1309-0\"  class=\"panel-grid panel-no-style\" ><div id=\"pgc-1309-0-0\"  class=\"panel-grid-cell\" ><div id=\"panel-1309-0-0-0\" class=\"so-panel widget widget_black-studio-tinymce widget_black_studio_tinymce panel-first-child panel-last-child\" data-index=\"0\" ><div data-widget-overlay-color=\"#000000\" class=\"panel-widget-style panel-widget-style-for-1309-0-0-0\" ><div class=\"textwidget\"><h1 style=\"text-align: center;\">Liens Web<\/h1>\n<p style=\"text-align: center;\">(Liste des diff\u00e9rents liens Web orient\u00e9s Testing)<\/p>\n<p style=\"text-align: center;\"><a href=\"#TestsPerformance\">Tests de performance<\/a><br \/>\n<a href=\"#TestsFonctionnels\">Tests fonctionnels<\/a><\/p>\n<hr \/>\n<h2><a name=\"TestsPerformance\"><\/a>Liens Web orient\u00e9s tests de performance<\/h2>\n<p>Wilson Mar (LoadRunner) :\u00a0<a target=\"_blank\" href=\"http:\/\/www.wilsonmar.com\/1loadrun.htm\">http:\/\/www.wilsonmar.com\/1loadrun.htm<\/a><br \/>\nWilson Mar (VuGen Scripting) :\u00a0<a target=\"_blank\" href=\"http:\/\/www.wilsonmar.com\/1lrscript.htm\">http:\/\/www.wilsonmar.com\/1lrscript.htm<\/a><br \/>\nWilson Mar (PerfTest Plan) :\u00a0<a target=\"_blank\" href=\"http:\/\/www.wilsonmar.com\/perfrpt.htm\">http:\/\/www.wilsonmar.com\/perfrpt.htm<\/a><\/p>\n<p>&nbsp;<\/p>\n<h2><a name=\"TestsFonctionnels\"><\/a>Liens Web orient\u00e9s tests fonctionnels<\/h2>\n<p>En cours de r\u00e9daction.<\/p>\n<p>&nbsp;<\/p>\n<\/div><\/div><\/div><\/div><\/div><\/div>","protected":false},"excerpt":{"rendered":"<p>Liens Web (Liste des diff\u00e9rents liens Web orient\u00e9s Testing) Tests de performance Tests fonctionnels Liens Web orient\u00e9s tests de performance Wilson Mar (LoadRunner) :\u00a0http:\/\/www.wilsonmar.com\/1loadrun.htm Wilson Mar (VuGen Scripting) :\u00a0http:\/\/www.wilsonmar.com\/1lrscript.htm Wilson Mar (PerfTest Plan) :\u00a0http:\/\/www.wilsonmar.com\/perfrpt.htm &nbsp; Liens Web orient\u00e9s tests fonctionnels En cours de r\u00e9daction. &nbsp;<\/p>\n","protected":false},"author":3,"featured_media":0,"parent":0,"menu_order":0,"comment_status":"closed","ping_status":"closed","template":"","meta":{"_monsterinsights_skip_tracking":false,"_monsterinsights_sitenote_active":false,"_monsterinsights_sitenote_note":"","_monsterinsights_sitenote_category":0,"footnotes":""},"class_list":["post-1309","page","type-page","status-publish","hentry"],"acf":[],"jetpack_sharing_enabled":true,"_links":{"self":[{"href":"https:\/\/www.tests-performance.fr\/index.php?rest_route=\/wp\/v2\/pages\/1309","targetHints":{"allow":["GET"]}}],"collection":[{"href":"https:\/\/www.tests-performance.fr\/index.php?rest_route=\/wp\/v2\/pages"}],"about":[{"href":"https:\/\/www.tests-performance.fr\/index.php?rest_route=\/wp\/v2\/types\/page"}],"author":[{"embeddable":true,"href":"https:\/\/www.tests-performance.fr\/index.php?rest_route=\/wp\/v2\/users\/3"}],"replies":[{"embeddable":true,"href":"https:\/\/www.tests-performance.fr\/index.php?rest_route=%2Fwp%2Fv2%2Fcomments&post=1309"}],"version-history":[{"count":7,"href":"https:\/\/www.tests-performance.fr\/index.php?rest_route=\/wp\/v2\/pages\/1309\/revisions"}],"predecessor-version":[{"id":1317,"href":"https:\/\/www.tests-performance.fr\/index.php?rest_route=\/wp\/v2\/pages\/1309\/revisions\/1317"}],"wp:attachment":[{"href":"https:\/\/www.tests-performance.fr\/index.php?rest_route=%2Fwp%2Fv2%2Fmedia&parent=1309"}],"curies":[{"name":"wp","href":"https:\/\/api.w.org\/{rel}","templated":true}]}}