{"id":663,"date":"2018-06-27T16:18:30","date_gmt":"2018-06-27T14:18:30","guid":{"rendered":"https:\/\/www.tests-performance.fr\/?page_id=663"},"modified":"2020-12-15T21:12:39","modified_gmt":"2020-12-15T20:12:39","slug":"les-outils","status":"publish","type":"page","link":"https:\/\/www.tests-performance.fr\/?page_id=663","title":{"rendered":"Les outils"},"content":{"rendered":"<div id=\"pl-663\"  class=\"panel-layout\" ><div id=\"pg-663-0\"  class=\"panel-grid panel-has-style\" ><div data-overlay-color=\"#000000\" class=\"panel-row-style panel-row-style-for-663-0\" ><div id=\"pgc-663-0-0\"  class=\"panel-grid-cell\" ><div id=\"panel-663-0-0-0\" class=\"so-panel widget widget_black-studio-tinymce widget_black_studio_tinymce panel-first-child panel-last-child\" data-index=\"0\" ><div data-widget-overlay-color=\"#000000\" class=\"panel-widget-style panel-widget-style-for-663-0-0-0\" ><div class=\"textwidget\"><h1 style=\"text-align: center;\">Les outils de performance<\/h1>\n<p style=\"text-align: center;\">(La liste des diff\u00e9rents outils pour r\u00e9aliser des tests de performance)<\/p>\n<p style=\"text-align: center;\"><a href=\"#LoadRunner\">Loadrunner \/ Performance Center (Micro Focus)<\/a><br \/>\n<a href=\"#NeoLoad\">NeoLoad (Neotys)<\/a><br \/>\n<a href=\"#Jmeter\">Jmeter (Apache, Open Source)<\/a><br \/>\n<a href=\"#Octoperf\">Octoperf (Octoperf)<\/a><br \/>\n<a href=\"#SilkPerformer\">Silk Performer (Micro Focus)<\/a><br \/>\n<a href=\"#OATS\">Oracle Application Testing Suite (OATS, Oracle)<\/a><br \/>\n<a href=\"#RPT\">Rational Performance Tester (IBM)<\/a><br \/>\n<a href=\"#WebLoad\">Webload (Radview)<\/a><br \/>\n<a href=\"#LoadComplete\">LoadComplete (Smartbear Software)<\/a><br \/>\n<a href=\"#QTest\">QTest (Quotium)<\/a><br \/>\n<a href=\"#Gatling\">Gattling (Apache, OpenSource)<\/a><\/p>\n<hr \/>\n<h2><a name=\"LoadRunner\"><\/a><br \/>\nLoadRunner \/ Performance Center (micro focus)<\/h2>\n<p>Loadrunner : <a href=\"https:\/\/software.microfocus.com\/en-us\/products\/loadrunner-load-testing\/overview\" target=\"_blank\" rel=\"noopener\">http:\/\/www8.hp.com\/fr\/fr\/software-solutions\/loadrunner-load-testing\/<\/a><\/p>\n<p>Performance Center :\u00a0<a href=\"https:\/\/software.microfocus.com\/en-us\/products\/performance-center\/overview\" target=\"_blank\" rel=\"noopener\">http:\/\/www8.hp.com\/fr\/fr\/software-solutions\/performance-center-testing\/<\/a><\/p>\n<p>Loadrunner \/ Performance Center est le leader dans le domaine des outils de performance. Loadrunner \/ Performance Center g\u00e8re la grande majorit\u00e9 des technologies applicatives existantes sur le march\u00e9.<\/p>\n<p>Loadrunner est le client lourd historique cr\u00e9\u00e9 par HP (dont la version 5.0 semble commercialis\u00e9e depuis avril 2000). Loadrunner est le moteur existant encore dans l'architecture Performance Center (h\u00e9berg\u00e9 sur les contr\u00f4leurs).<\/p>\n<p>Performance Center pr\u00e9sente une interface Web apportant des fonctionnalit\u00e9s permettant de travailler en \u00e9quipe, de programmer des tirs, de centraliser les scripts, sc\u00e9narios et r\u00e9sultats de tirs via une architecture extensible de serveurs contr\u00f4leurs, injecteurs (Cloud ou SI interne), data processeur et Mi listener.<\/p>\n<h2><a name=\"NeoLoad\"><\/a><br \/>\nNeoLoad (Neotys)<\/h2>\n<p>NeoLoad :\u00a0<a href=\"https:\/\/www.neotys.fr\/neoload\/overview\" target=\"_blank\" rel=\"noopener\">https:\/\/www.neotys.fr\/neoload\/overview<\/a><\/p>\n<p>Neoload, de la\u00a0soci\u00e9t\u00e9 fran\u00e7aise\u00a0Neotys (Marseille),\u00a0est un produit qui accepte beaucoup de technologies applicatives\u00a0existantes sur le\u00a0march\u00e9. Il poss\u00e8de des serveurs dans le Cloud et permet donc des tests extranet similaires \u00e0 de v\u00e9ritables internautes (et plus uniquement \u00e0 partir du LAN de l'entreprise). N\u00e9oload est un client lourd avec licences flottantes dont la cr\u00e9ation de script est simple car exclusivement graphique.<\/p>\n<h2><a name=\"Jmeter\"><\/a><br \/>\nJmeter (Apache, Open source)<\/h2>\n<p>Jmeter :\u00a0<a href=\"https:\/\/jmeter.apache.org\/\" target=\"_blank\" rel=\"noopener\">https:\/\/jmeter.apache.org\/<\/a><\/p>\n<p>Jmeter, application java, permet de simuler le comportement de plusieurs utilisateurs agissant de mani\u00e8re simultan\u00e9e initialement sur une application Web.<\/p>\n<p>Il est multi-protocole et peut d\u00e9sormais faire ses tests sur HTTP, HTTPS, SOAP, Database via JDBC, LDAP, JMS, POP3(S) and IMAP(S)<\/p>\n<p>JMeter permet de faire des tests de performances, de robustesse, de charge et r\u00e9alise des statistiques avec graphes \u00e0 l'appui (via utilisation de plugins).<\/p>\n<p>Jmeter permet une architecture contr\u00f4leur\/Injecteurs afin de mieux supporter la charge. (Outil Open Source \u00e9dit\u00e9 par la fondation Apache)<\/p>\n<h2><a name=\"Octoperf\"><\/a><br \/>\nOctoperf (Octoperf)<\/h2>\n<p>Site officiel : https:\/\/octoperf.com\/<br \/>\nDocumentation : https:\/\/doc.octoperf.com\/<\/p>\n<p><img decoding=\"async\" src=\"https:\/\/www.tests-performance.fr\/wp-content\/uploads\/2020\/12\/Octoperf.png\" alt=\"Processus\" \/><\/p>\n<p>Fonctionnalit\u00e9s :<\/p>\n<ul>\n<li>Utilise les scripts jmeter (fichiers jmx) et le moteur de jmeter<\/li>\n<li>Applications Saas ou On-premise Web, API, Web service, Web SSL<\/li>\n<li>Planning de lancement de tests<\/li>\n<li>Utilisation de workspaces<\/li>\n<li>Rapports dynamiques g\u00e9n\u00e9r\u00e9s en temps r\u00e9el<\/li>\n<li>Support des Cloud Ms Azure et AWS Amazon<\/li>\n<\/ul>\n<p>&nbsp;<\/p>\n<h2><a name=\"SilkPerformer\"><\/a><br \/>\nSilk Performer (micro focus)<\/h2>\n<p>Silk Performer :\u00a0<a href=\"https:\/\/www.microfocus.com\/fr-fr\/products\/silk-portfolio\/silk-performer\/\" target=\"_blank\" rel=\"noopener\">https:\/\/www.microfocus.com\/fr-fr\/products\/silk-portfolio\/silk-performer\/<\/a><\/p>\n<p>Fonctionnalit\u00e9s:<\/p>\n<ul>\n<li>Applications Web (AJAX, Adobe Flash\/Flex, and Microsoft Silverlight)<\/li>\n<li>Test Mobile (Android, iOS, Windows Phone, BlackBerry, \u2026)<\/li>\n<li>Network emulation<\/li>\n<li>Reporting et analysis<\/li>\n<li>Testing dans le Cloud (extension CloudBurst)<\/li>\n<li>Monitoring avec Performance Explorer<\/li>\n<\/ul>\n<h2><a name=\"OATS\"><\/a><br \/>\nOracle Application Testing Suite (OATS, Oracle)<\/h2>\n<p>OATS :\u00a0<a href=\"http:\/\/www.oracle.com\/technetwork\/oem\/app-test\/index.html\" target=\"_blank\" rel=\"noopener\">http:\/\/www.oracle.com\/technetwork\/oem\/app-test\/index.html<\/a><\/p>\n<p>OATS permet de tester des applications Web, Web service et packag\u00e9es Oracle.<\/p>\n<p>Application Testing Suite est propos\u00e9 en produits fortement int\u00e9gr\u00e9s:<\/p>\n<ul>\n<li>Oracle Functional Testing (automate fonctionnel et tests de r\u00e9gression d'applications Web)<\/li>\n<li>Oracle Functional Testing Suite pour applications Oracle (Tests fonctionnels et de r\u00e9gression d'applications Oracle packag\u00e9es)<\/li>\n<li>Oracle Load Testing (\u00e9volutivit\u00e9, performance et tests de charge d'applications web)<\/li>\n<li>Oracle Load Testing Suite pour Oracle Applications (\u00e9volutivit\u00e9, performance et tests de charge d'applications Oracle packag\u00e9es)<\/li>\n<li>Oracle Test Manager (Gestion du processus de test, gestion des exigences de test, gestion de test , ex\u00e9cution de test et \u00a0suivi des anomalies).<\/li>\n<\/ul>\n<p>Oracle Application Testing Suite fournit \u00e9galement une s\u00e9rie d'acc\u00e9l\u00e9rateurs de tests int\u00e9gr\u00e9s pour tester des applications Oracle packag\u00e9es et des applications SOA. Ces acc\u00e9l\u00e9rateurs permettront d'am\u00e9liorer les capacit\u00e9s de scripting pour des tests plus performants et optimis\u00e9s.<\/p>\n<h2><a name=\"RPT\"><\/a><br \/>\nRational Performance Tester (IBM)<\/h2>\n<p>Rational Performance Tester :\u00a0<a href=\"https:\/\/www.ibm.com\/us-en\/marketplace\/ibm-rational-performance-tester\" target=\"_blank\" rel=\"noopener\">https:\/\/www.ibm.com\/us-en\/marketplace\/ibm-rational-performance-tester<\/a><\/p>\n<p>Rational Performance Tester supporte les technologies d'applications \u00a0HTTP, SAP, Siebel, SIP, TCP Socket et Citrix.<\/p>\n<p>Fonctionnalit\u00e9s:<\/p>\n<ul>\n<li>Scripting sans programmation<\/li>\n<li>Outils d'analyse et de d\u00e9tection de probl\u00e8mes de performance<\/li>\n<li>G\u00e9n\u00e9ration automatique de donn\u00e9es de test avec utilisation de code java personnalis\u00e9<\/li>\n<\/ul>\n<h2><a name=\"WebLoad\"><\/a><br \/>\nWebLoad (Radview)<\/h2>\n<p>Web Load :\u00a0<a href=\"https:\/\/www.radview.com\/\" target=\"_blank\" rel=\"noopener\">https:\/\/www.radview.com\/<\/a><\/p>\n<p>Les fonctions propos\u00e9es par WebLOAD\u00a0:<\/p>\n<ul>\n<li><strong>IDE<\/strong>\u00a0Un environnement de d\u00e9veloppement int\u00e9gr\u00e9 pour l'enregistrement visuel, la modification et le d\u00e9bogage des scripts de test de charge. Les tests sont g\u00e9n\u00e9r\u00e9s dans JavaScript et peuvent \u00eatre am\u00e9lior\u00e9s et modifi\u00e9s en utilisant divers outils dans l'IDE.<\/li>\n<li><strong>Correlation<\/strong>\u00a0La corr\u00e9lation automatique des valeurs dynamiques, telles que les ID de session, permet l'ex\u00e9cution dynamique du script avec plusieurs clients virtuels.<\/li>\n<li><strong>Load Generation<\/strong>\u00a0WebLOAD g\u00e9n\u00e8re une charge \u00e0 partir de serveurs sur site ou depuis le Cloud.<\/li>\n<li><strong>Analytics<\/strong>\u00a0Un ensemble de rapports d'analyse pr\u00e9d\u00e9finis donne une visibilit\u00e9 sur les donn\u00e9es de performance, en aidant les utilisateurs \u00e0 identifier les goulets d'\u00e9tranglement du syst\u00e8me. Les rapports et les donn\u00e9es analytiques peuvent \u00e9galement \u00eatre consult\u00e9s gr\u00e2ce au Tableau de bord personnalisable.<\/li>\n<li><strong>PMM<\/strong>\u00a0Cette fonction recueille les statistiques c\u00f4t\u00e9 serveur pendant les ex\u00e9cutions de test, procurant aux utilisateurs des donn\u00e9es suppl\u00e9mentaires pour identifier l'origine des probl\u00e8mes.<\/li>\n<li><strong>Web Dashboard<\/strong>\u00a0Il permet d'analyser les r\u00e9sultats des tests de performance depuis n'importe quel navigateur ou appareil mobile<\/li>\n<\/ul>\n<h2><a name=\"LoadComplete\"><\/a><br \/>\nLoadComplete (Smartbear Software)<\/h2>\n<p>Load Complete :\u00a0<a href=\"https:\/\/smartbear.com\/product\/loadcomplete\/overview\/\" target=\"_blank\" rel=\"noopener\">https:\/\/smartbear.com\/product\/loadcomplete\/overview\/<\/a><\/p>\n<p>Fonctionnalit\u00e9s:<\/p>\n<ul>\n<li>Applications Web<\/li>\n<li>Test Mobile<\/li>\n<li>Testing dans le Cloud<\/li>\n<\/ul>\n<h2><a name=\"QTest\"><\/a><br \/>\nQTest (Quotium)<\/h2>\n<p>QTest :\u00a0<a href=\"http:\/\/fr.quotium.com\/qtest-fr\/overview-2\/\" target=\"_blank\" rel=\"noopener\">http:\/\/fr.quotium.com\/qtest-fr\/overview-2\/<\/a><\/p>\n<p>Fonctionnalit\u00e9s:<\/p>\n<ul>\n<li>Applications Web<\/li>\n<li>Pas de programmation<\/li>\n<\/ul>\n<h2><a name=\"Gatling\"><\/a><br \/>\nGatling (Apache, Open source)<\/h2>\n<p>Gatling :\u00a0<a href=\"https:\/\/gatling.io\/\" target=\"_blank\" rel=\"noopener\">https:\/\/gatling.io\/<\/a><\/p>\n<p>Un outil Open Source \u00e9dit\u00e9 par l'entreprise Gatling. L'outil utilise un langage propri\u00e9taire nomm\u00e9 SCALA.<\/p>\n<p>&nbsp;<\/p>\n<p>&nbsp;<\/p>\n<p>Co-r\u00e9dig\u00e9 par <a href=\"https:\/\/www.tests-performance.fr\/?team=philippe-naveau\">Philippe Naveau<\/a> et <a href=\"https:\/\/www.tests-performance.fr\/?team=marc-tuffreau\">Marc Tuffreau<\/a><\/p>\n<\/div><\/div><\/div><\/div><\/div><\/div><\/div>","protected":false},"excerpt":{"rendered":"<p>Les outils de performance (La liste des diff\u00e9rents outils pour r\u00e9aliser des tests de performance) Loadrunner \/ Performance Center (Micro Focus) NeoLoad (Neotys) Jmeter (Apache, Open Source) Octoperf (Octoperf) Silk Performer (Micro Focus) Oracle Application Testing Suite (OATS, Oracle) Rational Performance Tester (IBM) Webload (Radview) LoadComplete (Smartbear Software) QTest (Quotium) Gattling (Apache, OpenSource) LoadRunner \/ [&hellip;]<\/p>\n","protected":false},"author":3,"featured_media":0,"parent":0,"menu_order":0,"comment_status":"closed","ping_status":"closed","template":"","meta":{"_monsterinsights_skip_tracking":false,"_monsterinsights_sitenote_active":false,"_monsterinsights_sitenote_note":"","_monsterinsights_sitenote_category":0,"footnotes":""},"class_list":["post-663","page","type-page","status-publish","hentry"],"acf":[],"jetpack_sharing_enabled":true,"_links":{"self":[{"href":"https:\/\/www.tests-performance.fr\/index.php?rest_route=\/wp\/v2\/pages\/663","targetHints":{"allow":["GET"]}}],"collection":[{"href":"https:\/\/www.tests-performance.fr\/index.php?rest_route=\/wp\/v2\/pages"}],"about":[{"href":"https:\/\/www.tests-performance.fr\/index.php?rest_route=\/wp\/v2\/types\/page"}],"author":[{"embeddable":true,"href":"https:\/\/www.tests-performance.fr\/index.php?rest_route=\/wp\/v2\/users\/3"}],"replies":[{"embeddable":true,"href":"https:\/\/www.tests-performance.fr\/index.php?rest_route=%2Fwp%2Fv2%2Fcomments&post=663"}],"version-history":[{"count":104,"href":"https:\/\/www.tests-performance.fr\/index.php?rest_route=\/wp\/v2\/pages\/663\/revisions"}],"predecessor-version":[{"id":1890,"href":"https:\/\/www.tests-performance.fr\/index.php?rest_route=\/wp\/v2\/pages\/663\/revisions\/1890"}],"wp:attachment":[{"href":"https:\/\/www.tests-performance.fr\/index.php?rest_route=%2Fwp%2Fv2%2Fmedia&parent=663"}],"curies":[{"name":"wp","href":"https:\/\/api.w.org\/{rel}","templated":true}]}}